{"id":1407,"date":"2017-07-03T12:46:31","date_gmt":"2017-07-03T15:46:31","guid":{"rendered":"http:\/\/198.136.59.242\/~ricardomartincom\/?page_id=16"},"modified":"2020-10-29T13:13:01","modified_gmt":"2020-10-29T16:13:01","slug":"especialidades","status":"publish","type":"page","link":"http:\/\/www.ricardomartin.com.br\/?page_id=1407","title":{"rendered":"Especialidades"},"content":{"rendered":"\t\t<div data-elementor-type=\"wp-page\" data-elementor-id=\"1407\" class=\"elementor elementor-1407\" data-elementor-settings=\"[]\">\n\t\t\t\t\t\t<div class=\"elementor-inner\">\n\t\t\t\t\t\t\t<div class=\"elementor-section-wrap\">\n\t\t\t\t\t\t\t<section class=\"elementor-section elementor-top-section elementor-element elementor-element-7effed99 elementor-section-boxed elementor-section-height-default elementor-section-height-default\" data-id=\"7effed99\" data-element_type=\"section\">\n\t\t\t\t\t\t<div class=\"elementor-container elementor-column-gap-default\">\n\t\t\t\t\t\t\t<div class=\"elementor-row\">\n\t\t\t\t\t<div class=\"elementor-column elementor-col-100 elementor-top-column elementor-element elementor-element-1c4e28a2\" data-id=\"1c4e28a2\" data-element_type=\"column\">\n\t\t\t<div class=\"elementor-column-wrap elementor-element-populated\">\n\t\t\t\t\t\t\t<div class=\"elementor-widget-wrap\">\n\t\t\t\t\t\t<div class=\"elementor-element elementor-element-1059ae7e elementor-widget elementor-widget-text-editor\" data-id=\"1059ae7e\" data-element_type=\"widget\" data-widget_type=\"text-editor.default\">\n\t\t\t\t<div class=\"elementor-widget-container\">\n\t\t\t\t\t<div class=\"elementor-text-editor elementor-clearfix\">Acesse e conhe\u00e7a nossas especialidades em oftalmologia. Atendemos pacientes de Juiz de Fora (MG) e regi\u00e3o que est\u00e3o em busca de uma melhor qualidade de vida.<\/div>\n\t\t\t\t<\/div>\n\t\t\t\t<\/div>\n\t\t\t\t\t\t<\/div>\n\t\t\t\t\t<\/div>\n\t\t<\/div>\n\t\t\t\t\t\t\t\t<\/div>\n\t\t\t\t\t<\/div>\n\t\t<\/section>\n\t\t\t\t<section class=\"elementor-section elementor-top-section elementor-element elementor-element-873f391 elementor-section-boxed elementor-section-height-default elementor-section-height-default\" data-id=\"873f391\" data-element_type=\"section\">\n\t\t\t\t\t\t<div class=\"elementor-container elementor-column-gap-default\">\n\t\t\t\t\t\t\t<div class=\"elementor-row\">\n\t\t\t\t\t<div class=\"elementor-column elementor-col-100 elementor-top-column elementor-element elementor-element-49e4733\" data-id=\"49e4733\" data-element_type=\"column\">\n\t\t\t<div class=\"elementor-column-wrap elementor-element-populated\">\n\t\t\t\t\t\t\t<div class=\"elementor-widget-wrap\">\n\t\t\t\t\t\t<div class=\"elementor-element elementor-element-5877af2 elementor-widget elementor-widget-wp-widget-better-health-service-widget\" data-id=\"5877af2\" data-element_type=\"widget\" data-widget_type=\"wp-widget-better-health-service-widget.default\">\n\t\t\t\t<div class=\"elementor-widget-container\">\n\t\t\t                <section id=\"section4\" class=\"section-margine section-4\">\r\n                    <div class=\"container\">\r\n                        <div class=\"row\">\r\n                            <div class=\"col-md-12\">\r\n                                <header class=\"title-head\">\r\n                                                                            <h2><h5>Service Title<\/h5><\/h2>\r\n                                                                        <div class=\"line-heading\">\r\n                                        <span class=\"line-left\"><\/span>\r\n                                        <span class=\"line-middle\">+<\/span>\r\n                                        <span class=\"line-right\"><\/span>\r\n                                    <\/div>\r\n                                <\/header>\r\n                            <\/div>\r\n\r\n                                                        <div class=\"col-md-6\">\r\n                                <div class=\"cxaEspecialidades\">\r\n                                                                        <img style=\"border-radius: 20px;height: 50px;border-radius: 50%;width: 50px;height: 50px;\" src=\"https:\/\/www.ricardomartin.com.br\/wp-content\/uploads\/2017\/07\/Cirurgia-Refrativa.jpg\" class=\"img-responsive\">\r\n                                    <h2>\r\n                                        <a href=\"http:\/\/www.ricardomartin.com.br\/?p=1619\">Cirurgia Refrativa<\/a>\r\n                                    <\/h2>\r\n                                    <p> \r\n                                        <a href=\"http:\/\/www.ricardomartin.com.br\/?p=1619\"> Voc\u00ea pode se ver livre dos \u00f3culos e lentes de contato<\/a> \r\n                                    <\/p> \r\n                                    <a href=\"http:\/\/www.ricardomartin.com.br\/?p=1619\" class=\"btn btn-primary btn-sm\">\r\n                                        Saiba Mais                                    <\/a>\r\n                                <\/div>\r\n                            <\/div>\r\n                          \r\n\r\n                                                        <div class=\"col-md-6\">\r\n                                <div class=\"cxaEspecialidades\">\r\n                                                                        <img style=\"border-radius: 20px;height: 50px;border-radius: 50%;width: 50px;height: 50px;\" src=\"https:\/\/www.ricardomartin.com.br\/wp-content\/uploads\/2017\/07\/catarata.jpg\" class=\"img-responsive\">\r\n                                    <h2>\r\n                                        <a href=\"http:\/\/www.ricardomartin.com.br\/?p=1624\">Catarata<\/a>\r\n                                    <\/h2>\r\n                                    <p> \r\n                                        <a href=\"http:\/\/www.ricardomartin.com.br\/?p=1624\"> Catarata tem cura e a microcirurgia \u00e9 a solu\u00e7\u00e3o<\/a> \r\n                                    <\/p> \r\n                                    <a href=\"http:\/\/www.ricardomartin.com.br\/?p=1624\" class=\"btn btn-primary btn-sm\">\r\n                                        Saiba Mais                                    <\/a>\r\n                                <\/div>\r\n                            <\/div>\r\n                          \r\n\r\n                                                        <div class=\"col-md-4\">\r\n                                <div class=\"cxaEspecialidades\">\r\n                                                                        <img style=\"border-radius: 20px;height: 50px;border-radius: 50%;width: 50px;height: 50px;\" src=\"https:\/\/www.ricardomartin.com.br\/wp-content\/uploads\/2019\/10\/Ceratocone-1.png\" class=\"img-responsive\">\r\n                                    <h2>\r\n                                        <a href=\"http:\/\/www.ricardomartin.com.br\/?p=1626\">Ceratocone<\/a>\r\n                                    <\/h2>\r\n                                    <p> \r\n                                        <a href=\"http:\/\/www.ricardomartin.com.br\/?p=1626\"> Conhe\u00e7a os mais avan\u00e7ados tratamentos para voc\u00ea ter mais qualidade de vida<\/a> \r\n                                    <\/p> \r\n                                    <a href=\"http:\/\/www.ricardomartin.com.br\/?p=1626\" class=\"btn btn-primary btn-sm\">\r\n                                        Saiba Mais                                    <\/a>\r\n                                <\/div>\r\n                            <\/div>\r\n                          \r\n\r\n                                                        <div class=\"col-md-4\">\r\n                                <div class=\"cxaEspecialidades\">\r\n                                                                        <img style=\"border-radius: 20px;height: 50px;border-radius: 50%;width: 50px;height: 50px;\" src=\"https:\/\/www.ricardomartin.com.br\/wp-content\/uploads\/2017\/07\/RetinaVitreo.jpg\" class=\"img-responsive\">\r\n                                    <h2>\r\n                                        <a href=\"http:\/\/www.ricardomartin.com.br\/?p=1630\">Retina e V\u00edtreo<\/a>\r\n                                    <\/h2>\r\n                                    <p> \r\n                                        <a href=\"http:\/\/www.ricardomartin.com.br\/?p=1630\"> A moderna cirurgia de retina pode restituir a vis\u00e3o de maneira eficiente<\/a> \r\n                                    <\/p> \r\n                                    <a href=\"http:\/\/www.ricardomartin.com.br\/?p=1630\" class=\"btn btn-primary btn-sm\">\r\n                                        Saiba Mais                                    <\/a>\r\n                                <\/div>\r\n                            <\/div>\r\n                          \r\n\r\n                                                        <div class=\"col-md-4\">\r\n                                <div class=\"cxaEspecialidades\">\r\n                                                                        <img style=\"border-radius: 20px;height: 50px;border-radius: 50%;width: 50px;height: 50px;\" src=\"https:\/\/www.ricardomartin.com.br\/wp-content\/uploads\/2017\/07\/Glaucoma.jpg\" class=\"img-responsive\">\r\n                                    <h2>\r\n                                        <a href=\"http:\/\/www.ricardomartin.com.br\/?p=1628\">Glaucoma<\/a>\r\n                                    <\/h2>\r\n                                    <p> \r\n                                        <a href=\"http:\/\/www.ricardomartin.com.br\/?p=1628\"> Descubra o tratamento mais indicado para o seu caso<\/a> \r\n                                    <\/p> \r\n                                    <a href=\"http:\/\/www.ricardomartin.com.br\/?p=1628\" class=\"btn btn-primary btn-sm\">\r\n                                        Saiba Mais                                    <\/a>\r\n                                <\/div>\r\n                            <\/div>\r\n                          \r\n\r\n                                                        <div class=\"col-md-6\">\r\n                                <div class=\"cxaEspecialidades\">\r\n                                                                        <img style=\"border-radius: 20px;height: 50px;border-radius: 50%;width: 50px;height: 50px;\" src=\"https:\/\/www.ricardomartin.com.br\/wp-content\/uploads\/2020\/01\/Captura-de-Tela-2020-01-20-a\u0300s-17.42.50.png\" class=\"img-responsive\">\r\n                                    <h2>\r\n                                        <a href=\"http:\/\/www.ricardomartin.com.br\/?p=2042\">Cirurgia Pl\u00e1stica Ocular<\/a>\r\n                                    <\/h2>\r\n                                    <p> \r\n                                        <a href=\"http:\/\/www.ricardomartin.com.br\/?p=2042\"> Tecnologia e inova\u00e7\u00e3o a servi\u00e7o da sa\u00fade, est\u00e9tica e beleza<\/a> \r\n                                    <\/p> \r\n                                    <a href=\"http:\/\/www.ricardomartin.com.br\/?p=2042\" class=\"btn btn-primary btn-sm\">\r\n                                        Saiba Mais                                    <\/a>\r\n                                <\/div>\r\n                            <\/div>\r\n                          \r\n\r\n                                                        <div class=\"col-md-6\">\r\n                                <div class=\"cxaEspecialidades\">\r\n                                                                        <img style=\"border-radius: 20px;height: 50px;border-radius: 50%;width: 50px;height: 50px;\" src=\"https:\/\/www.ricardomartin.com.br\/wp-content\/uploads\/2017\/07\/Contatologia.jpg\" class=\"img-responsive\">\r\n                                    <h2>\r\n                                        <a href=\"http:\/\/www.ricardomartin.com.br\/?p=1614\">Lentes de Contato<\/a>\r\n                                    <\/h2>\r\n                                    <p> \r\n                                        <a href=\"http:\/\/www.ricardomartin.com.br\/?p=1614\"> Fique livre dos \u00f3culos de grau<\/a> \r\n                                    <\/p> \r\n                                    <a href=\"http:\/\/www.ricardomartin.com.br\/?p=1614\" class=\"btn btn-primary btn-sm\">\r\n                                        Saiba Mais                                    <\/a>\r\n                                <\/div>\r\n                            <\/div>\r\n                          \r\n\r\n                                                       \r\n                        <\/div>\r\n                    <\/div>\r\n                <\/section>\r\n            \t\t<\/div>\n\t\t\t\t<\/div>\n\t\t\t\t\t\t<\/div>\n\t\t\t\t\t<\/div>\n\t\t<\/div>\n\t\t\t\t\t\t\t\t<\/div>\n\t\t\t\t\t<\/div>\n\t\t<\/section>\n\t\t\t\t\t\t<\/div>\n\t\t\t\t\t\t<\/div>\n\t\t\t\t\t<\/div>\n\t\t","protected":false},"excerpt":{"rendered":"<p>Acesse e conhe\u00e7a nossas especialidades em oftalmologia. Atendemos pacientes de Juiz de Fora (MG) e regi\u00e3o que est\u00e3o em busca de uma melhor qualidade de vida.<\/p>\n","protected":false},"author":1,"featured_media":0,"parent":0,"menu_order":0,"comment_status":"closed","ping_status":"closed","template":"","meta":[],"_links":{"self":[{"href":"http:\/\/www.ricardomartin.com.br\/index.php?rest_route=\/wp\/v2\/pages\/1407"}],"collection":[{"href":"http:\/\/www.ricardomartin.com.br\/index.php?rest_route=\/wp\/v2\/pages"}],"about":[{"href":"http:\/\/www.ricardomartin.com.br\/index.php?rest_route=\/wp\/v2\/types\/page"}],"author":[{"embeddable":true,"href":"http:\/\/www.ricardomartin.com.br\/index.php?rest_route=\/wp\/v2\/users\/1"}],"replies":[{"embeddable":true,"href":"http:\/\/www.ricardomartin.com.br\/index.php?rest_route=%2Fwp%2Fv2%2Fcomments&post=1407"}],"version-history":[{"count":2,"href":"http:\/\/www.ricardomartin.com.br\/index.php?rest_route=\/wp\/v2\/pages\/1407\/revisions"}],"predecessor-version":[{"id":2733,"href":"http:\/\/www.ricardomartin.com.br\/index.php?rest_route=\/wp\/v2\/pages\/1407\/revisions\/2733"}],"wp:attachment":[{"href":"http:\/\/www.ricardomartin.com.br\/index.php?rest_route=%2Fwp%2Fv2%2Fmedia&parent=1407"}],"curies":[{"name":"wp","href":"https:\/\/api.w.org\/{rel}","templated":true}]}}