{"id":1852,"date":"2019-11-19T15:41:28","date_gmt":"2019-11-19T18:41:28","guid":{"rendered":"http:\/\/www.ricardomartin.com.br\/?page_id=1852"},"modified":"2020-02-11T19:29:54","modified_gmt":"2020-02-11T22:29:54","slug":"a-clinica","status":"publish","type":"page","link":"http:\/\/www.ricardomartin.com.br\/?page_id=1852","title":{"rendered":"Nosso Prop\u00f3sito"},"content":{"rendered":"\n<hr class=\"wp-block-separator\"\/>\n\n\n\n<div class=\"wp-block-image\"><figure class=\"aligncenter\"><img loading=\"lazy\" width=\"1024\" height=\"474\" src=\"http:\/\/www.ricardomartin.com.br\/wp-content\/uploads\/2020\/02\/DSC_1624-1024x474.jpg\" alt=\"\" class=\"wp-image-2377\" srcset=\"https:\/\/www.ricardomartin.com.br\/wp-content\/uploads\/2020\/02\/DSC_1624-1024x474.jpg 1024w, https:\/\/www.ricardomartin.com.br\/wp-content\/uploads\/2020\/02\/DSC_1624-300x139.jpg 300w, https:\/\/www.ricardomartin.com.br\/wp-content\/uploads\/2020\/02\/DSC_1624-768x355.jpg 768w, https:\/\/www.ricardomartin.com.br\/wp-content\/uploads\/2020\/02\/DSC_1624.jpg 2048w\" sizes=\"(max-width: 1024px) 100vw, 1024px\" \/><\/figure><\/div>\n\n\n\n<p><\/p>\n\n\n\n<p>Na Cl\u00ednica de Olhos Dr. Ricardo Martin temos um prop\u00f3sito claro: trazer felicidade \u00e0s pessoas atrav\u00e9s de uma melhor qualidade de vis\u00e3o.<br> Mais do que atender, queremos encantar quem procura nossos servi\u00e7os.<\/p>\n\n\n\n<p>Buscamos conhecer as necessidades de cada paciente, visando n\u00e3o apenas o melhor diagn\u00f3stico, mas tamb\u00e9m um atendimento humano e focado no bem-estar individual.<\/p>\n\n\n\n<p>Atendimento encantador, infraestrutura \u00fanica e equipamentos utilizados nos melhores centros do mundo fazem da Cl\u00ednica de Olhos e Microcirurgia Dr. Ricardo Martin o local ideal para voc\u00ea voltar a ver a beleza de cada momento.<\/p>\n","protected":false},"excerpt":{"rendered":"<p>Na Cl\u00ednica de Olhos Dr. Ricardo Martin temos um prop\u00f3sito claro: trazer felicidade \u00e0s pessoas atrav\u00e9s de uma melhor qualidade de vis\u00e3o. Mais do que atender, queremos encantar quem procura nossos servi\u00e7os. Buscamos conhecer as necessidades de cada paciente, visando n\u00e3o apenas o melhor diagn\u00f3stico, mas tamb\u00e9m um atendimento humano e focado no bem-estar individual. [&hellip;]<\/p>\n","protected":false},"author":1,"featured_media":0,"parent":0,"menu_order":0,"comment_status":"closed","ping_status":"closed","template":"","meta":[],"_links":{"self":[{"href":"http:\/\/www.ricardomartin.com.br\/index.php?rest_route=\/wp\/v2\/pages\/1852"}],"collection":[{"href":"http:\/\/www.ricardomartin.com.br\/index.php?rest_route=\/wp\/v2\/pages"}],"about":[{"href":"http:\/\/www.ricardomartin.com.br\/index.php?rest_route=\/wp\/v2\/types\/page"}],"author":[{"embeddable":true,"href":"http:\/\/www.ricardomartin.com.br\/index.php?rest_route=\/wp\/v2\/users\/1"}],"replies":[{"embeddable":true,"href":"http:\/\/www.ricardomartin.com.br\/index.php?rest_route=%2Fwp%2Fv2%2Fcomments&post=1852"}],"version-history":[{"count":10,"href":"http:\/\/www.ricardomartin.com.br\/index.php?rest_route=\/wp\/v2\/pages\/1852\/revisions"}],"predecessor-version":[{"id":2380,"href":"http:\/\/www.ricardomartin.com.br\/index.php?rest_route=\/wp\/v2\/pages\/1852\/revisions\/2380"}],"wp:attachment":[{"href":"http:\/\/www.ricardomartin.com.br\/index.php?rest_route=%2Fwp%2Fv2%2Fmedia&parent=1852"}],"curies":[{"name":"wp","href":"https:\/\/api.w.org\/{rel}","templated":true}]}}