{"id":72,"date":"2017-07-04T10:19:04","date_gmt":"2017-07-04T13:19:04","guid":{"rendered":"http:\/\/198.136.59.242\/~ricardomartincom\/?page_id=72"},"modified":"2020-10-28T11:51:38","modified_gmt":"2020-10-28T14:51:38","slug":"convenios","status":"publish","type":"page","link":"http:\/\/www.ricardomartin.com.br\/?page_id=72","title":{"rendered":"Conv\u00eanios"},"content":{"rendered":"\n<p>Para maior comodidade de nossos pacientes, a Cl\u00ednica de Olhos e Microcirurgia Dr. Ricardo Martin mant\u00e9m conv\u00eanio com v\u00e1rias empresas, \u00f3rg\u00e3os e associa\u00e7\u00f5es.<br><br><\/p>\n\n\n\n<figure class=\"wp-block-gallery aligncenter columns-5\"><ul class=\"blocks-gallery-grid\"><li class=\"blocks-gallery-item\"><figure><img loading=\"lazy\" width=\"91\" height=\"37\" src=\"http:\/\/www.ricardomartin.com.br\/wp-content\/uploads\/2017\/07\/Amil.png\" alt=\"\" data-id=\"882\" data-link=\"http:\/\/www.ricardomartin.com.br\/amil\/\" class=\"wp-image-882\"\/><\/figure><\/li><li class=\"blocks-gallery-item\"><figure><img loading=\"lazy\" width=\"91\" height=\"37\" src=\"http:\/\/www.ricardomartin.com.br\/wp-content\/uploads\/2017\/07\/PM-1.png\" alt=\"\" data-id=\"881\" data-link=\"http:\/\/www.ricardomartin.com.br\/pm-2\/\" class=\"wp-image-881\"\/><\/figure><\/li><li class=\"blocks-gallery-item\"><figure><img loading=\"lazy\" width=\"91\" height=\"37\" src=\"http:\/\/www.ricardomartin.com.br\/wp-content\/uploads\/2017\/07\/unimed-1.png\" alt=\"\" data-id=\"880\" data-link=\"http:\/\/www.ricardomartin.com.br\/unimed-2\/\" class=\"wp-image-880\"\/><\/figure><\/li><li class=\"blocks-gallery-item\"><figure><img loading=\"lazy\" width=\"91\" height=\"37\" src=\"http:\/\/www.ricardomartin.com.br\/wp-content\/uploads\/2017\/07\/Bradesco-saude-Logo-1.png\" alt=\"\" data-id=\"879\" data-link=\"http:\/\/www.ricardomartin.com.br\/bradesco-saude-logo-2\/\" class=\"wp-image-879\"\/><\/figure><\/li><li class=\"blocks-gallery-item\"><figure><img loading=\"lazy\" width=\"91\" height=\"37\" src=\"http:\/\/www.ricardomartin.com.br\/wp-content\/uploads\/2017\/07\/petrobras-1.png\" alt=\"\" data-id=\"877\" data-link=\"http:\/\/www.ricardomartin.com.br\/petrobras-2\/\" class=\"wp-image-877\"\/><\/figure><\/li><li class=\"blocks-gallery-item\"><figure><img loading=\"lazy\" width=\"91\" height=\"37\" src=\"http:\/\/www.ricardomartin.com.br\/wp-content\/uploads\/2017\/07\/embrapa.png\" alt=\"\" data-id=\"876\" data-link=\"http:\/\/www.ricardomartin.com.br\/embrapa-2\/\" class=\"wp-image-876\"\/><\/figure><\/li><li class=\"blocks-gallery-item\"><figure><img loading=\"lazy\" width=\"91\" height=\"37\" src=\"http:\/\/www.ricardomartin.com.br\/wp-content\/uploads\/2017\/07\/correios-1.png\" alt=\"\" data-id=\"874\" data-link=\"http:\/\/www.ricardomartin.com.br\/correios-2\/\" class=\"wp-image-874\"\/><\/figure><\/li><li class=\"blocks-gallery-item\"><figure><img loading=\"lazy\" width=\"91\" height=\"37\" src=\"http:\/\/www.ricardomartin.com.br\/wp-content\/uploads\/2017\/07\/funcef.png\" alt=\"\" data-id=\"871\" data-link=\"http:\/\/www.ricardomartin.com.br\/funcef-2\/\" class=\"wp-image-871\"\/><\/figure><\/li><li class=\"blocks-gallery-item\"><figure><img loading=\"lazy\" width=\"91\" height=\"37\" src=\"http:\/\/www.ricardomartin.com.br\/wp-content\/uploads\/2017\/07\/ipsemg.png\" alt=\"\" data-id=\"870\" data-link=\"http:\/\/www.ricardomartin.com.br\/ipsemg-2\/\" class=\"wp-image-870\"\/><\/figure><\/li><li class=\"blocks-gallery-item\"><figure><img loading=\"lazy\" width=\"91\" height=\"37\" src=\"http:\/\/www.ricardomartin.com.br\/wp-content\/uploads\/2017\/07\/affemg_topo-1.png\" alt=\"\" data-id=\"869\" data-link=\"http:\/\/www.ricardomartin.com.br\/affemg_topo-2\/\" class=\"wp-image-869\"\/><\/figure><\/li><li class=\"blocks-gallery-item\"><figure><img loading=\"lazy\" width=\"72\" height=\"37\" src=\"http:\/\/www.ricardomartin.com.br\/wp-content\/uploads\/2020\/01\/logo_pame-3.png\" alt=\"\" data-id=\"2020\" data-link=\"http:\/\/www.ricardomartin.com.br\/convenios\/attachment\/logo_pame-3\/\" class=\"wp-image-2020\"\/><\/figure><\/li><li class=\"blocks-gallery-item\"><figure><img loading=\"lazy\" width=\"91\" height=\"37\" src=\"http:\/\/www.ricardomartin.com.br\/wp-content\/uploads\/2020\/01\/convenio-telos-3.png\" alt=\"\" data-id=\"2021\" data-link=\"http:\/\/www.ricardomartin.com.br\/convenios\/attachment\/convenio-telos-3\/\" class=\"wp-image-2021\"\/><\/figure><\/li><li class=\"blocks-gallery-item\"><figure><img loading=\"lazy\" width=\"89\" height=\"37\" src=\"http:\/\/www.ricardomartin.com.br\/wp-content\/uploads\/2020\/01\/dermatologista-bh-AMMP-3.png\" alt=\"\" data-id=\"2022\" data-link=\"http:\/\/www.ricardomartin.com.br\/convenios\/attachment\/dermatologista-bh-ammp-3\/\" class=\"wp-image-2022\"\/><\/figure><\/li><li class=\"blocks-gallery-item\"><figure><img loading=\"lazy\" width=\"91\" height=\"37\" src=\"http:\/\/www.ricardomartin.com.br\/wp-content\/uploads\/2020\/01\/embratel-3.png\" alt=\"\" data-id=\"2023\" data-link=\"http:\/\/www.ricardomartin.com.br\/convenios\/attachment\/embratel-3\/\" class=\"wp-image-2023\"\/><\/figure><\/li><li class=\"blocks-gallery-item\"><figure><img loading=\"lazy\" width=\"79\" height=\"30\" src=\"http:\/\/www.ricardomartin.com.br\/wp-content\/uploads\/2020\/01\/logo_amagissaude-3.png\" alt=\"\" data-id=\"2024\" data-link=\"http:\/\/www.ricardomartin.com.br\/convenios\/attachment\/logo_amagissaude-3\/\" class=\"wp-image-2024\"\/><\/figure><\/li><li class=\"blocks-gallery-item\"><figure><img loading=\"lazy\" width=\"89\" height=\"37\" src=\"http:\/\/www.ricardomartin.com.br\/wp-content\/uploads\/2020\/01\/Layer-1-2.png\" alt=\"\" data-id=\"2025\" data-link=\"http:\/\/www.ricardomartin.com.br\/convenios\/attachment\/layer-1-2-2\/\" class=\"wp-image-2025\"\/><\/figure><\/li><li class=\"blocks-gallery-item\"><figure><img loading=\"lazy\" width=\"30\" height=\"37\" src=\"http:\/\/www.ricardomartin.com.br\/wp-content\/uploads\/2020\/01\/itau_saude-3.png\" alt=\"\" data-id=\"2026\" data-link=\"http:\/\/www.ricardomartin.com.br\/convenios\/attachment\/itau_saude-3\/\" class=\"wp-image-2026\"\/><\/figure><\/li><li class=\"blocks-gallery-item\"><figure><img loading=\"lazy\" width=\"91\" height=\"37\" src=\"http:\/\/www.ricardomartin.com.br\/wp-content\/uploads\/2020\/01\/PAX-DEI.png\" alt=\"\" data-id=\"2355\" data-link=\"http:\/\/www.ricardomartin.com.br\/convenios\/attachment\/pax-dei-2\/\" class=\"wp-image-2355\"\/><\/figure><\/li><li class=\"blocks-gallery-item\"><figure><img loading=\"lazy\" width=\"750\" height=\"407\" src=\"https:\/\/www.ricardomartin.com.br\/wp-content\/uploads\/2020\/02\/File-1.jpg\" alt=\"\" data-id=\"2373\" data-link=\"https:\/\/www.ricardomartin.com.br\/convenios\/attachment\/file-1\/\" class=\"wp-image-2373\" srcset=\"https:\/\/www.ricardomartin.com.br\/wp-content\/uploads\/2020\/02\/File-1.jpg 750w, https:\/\/www.ricardomartin.com.br\/wp-content\/uploads\/2020\/02\/File-1-300x163.jpg 300w\" sizes=\"(max-width: 750px) 100vw, 750px\" \/><\/figure><\/li><li class=\"blocks-gallery-item\"><figure><img loading=\"lazy\" width=\"750\" height=\"421\" src=\"https:\/\/www.ricardomartin.com.br\/wp-content\/uploads\/2020\/02\/File.jpg\" alt=\"\" data-id=\"2374\" data-link=\"https:\/\/www.ricardomartin.com.br\/convenios\/attachment\/file\/\" class=\"wp-image-2374\" srcset=\"https:\/\/www.ricardomartin.com.br\/wp-content\/uploads\/2020\/02\/File.jpg 750w, https:\/\/www.ricardomartin.com.br\/wp-content\/uploads\/2020\/02\/File-300x168.jpg 300w\" sizes=\"(max-width: 750px) 100vw, 750px\" \/><\/figure><\/li><\/ul><\/figure>\n\n\n\n<p><br><\/p>\n","protected":false},"excerpt":{"rendered":"<p>Para maior comodidade de nossos pacientes, a Cl\u00ednica de Olhos e Microcirurgia Dr. Ricardo Martin mant\u00e9m conv\u00eanio com v\u00e1rias empresas, \u00f3rg\u00e3os e associa\u00e7\u00f5es.<\/p>\n","protected":false},"author":1,"featured_media":0,"parent":0,"menu_order":0,"comment_status":"closed","ping_status":"closed","template":"","meta":[],"_links":{"self":[{"href":"http:\/\/www.ricardomartin.com.br\/index.php?rest_route=\/wp\/v2\/pages\/72"}],"collection":[{"href":"http:\/\/www.ricardomartin.com.br\/index.php?rest_route=\/wp\/v2\/pages"}],"about":[{"href":"http:\/\/www.ricardomartin.com.br\/index.php?rest_route=\/wp\/v2\/types\/page"}],"author":[{"embeddable":true,"href":"http:\/\/www.ricardomartin.com.br\/index.php?rest_route=\/wp\/v2\/users\/1"}],"replies":[{"embeddable":true,"href":"http:\/\/www.ricardomartin.com.br\/index.php?rest_route=%2Fwp%2Fv2%2Fcomments&post=72"}],"version-history":[{"count":10,"href":"http:\/\/www.ricardomartin.com.br\/index.php?rest_route=\/wp\/v2\/pages\/72\/revisions"}],"predecessor-version":[{"id":2722,"href":"http:\/\/www.ricardomartin.com.br\/index.php?rest_route=\/wp\/v2\/pages\/72\/revisions\/2722"}],"wp:attachment":[{"href":"http:\/\/www.ricardomartin.com.br\/index.php?rest_route=%2Fwp%2Fv2%2Fmedia&parent=72"}],"curies":[{"name":"wp","href":"https:\/\/api.w.org\/{rel}","templated":true}]}}